{"id":28,"date":"2019-12-28T16:39:45","date_gmt":"2019-12-28T16:39:45","guid":{"rendered":"http:\/\/celler-tor-gifhorn.de\/?page_id=28"},"modified":"2024-12-30T08:20:59","modified_gmt":"2024-12-30T07:20:59","slug":"kontakt","status":"publish","type":"page","link":"http:\/\/celler-tor-gifhorn.de\/?page_id=28","title":{"rendered":"Kontakt"},"content":{"rendered":"\n<p>Bitte nehmen Sie f\u00fcr Ihre Anfrage mit uns Kontakt auf.<br><br>Sie erreichen uns \u00fcber Telefon, E-Mail oder das folgende Kontaktformular.<br><br>Wir beraten Sie gerne pers\u00f6nlich!\u00a0<br><br>Hotel &#8222;Celler Tor&#8220;<br>Celler Str. 106<br>38518 Gifhorn<br><br>Tel:. 05371 &#8211; 4332<\/p>\n\n\n\n<p>oder 05371 &#8211; 9381288<\/p>\n\n\n\n<p>Email: &#x69;&#x6e;&#102;&#111;&#64;c&#x65;&#x6c;&#x6c;&#101;&#114;-t&#x6f;&#x72;&#x2d;&#103;&#105;f&#x68;&#x6f;&#x72;&#110;&#46;&#100;e<\/p>\n\n\n\n<div class=\"wpcf7 no-js\" id=\"wpcf7-f55-o1\" lang=\"de-DE\" dir=\"ltr\" data-wpcf7-id=\"55\">\n<div class=\"screen-reader-response\"><p role=\"status\" aria-live=\"polite\" aria-atomic=\"true\"><\/p> <ul><\/ul><\/div>\n<form action=\"\/index.php?rest_route=%2Fwp%2Fv2%2Fpages%2F28#wpcf7-f55-o1\" method=\"post\" class=\"wpcf7-form init\" aria-label=\"Kontaktformular\" novalidate=\"novalidate\" data-status=\"init\">\n<fieldset class=\"hidden-fields-container\"><input type=\"hidden\" name=\"_wpcf7\" value=\"55\" \/><input type=\"hidden\" name=\"_wpcf7_version\" value=\"6.1.2\" \/><input type=\"hidden\" name=\"_wpcf7_locale\" value=\"de_DE\" \/><input type=\"hidden\" name=\"_wpcf7_unit_tag\" value=\"wpcf7-f55-o1\" \/><input type=\"hidden\" name=\"_wpcf7_container_post\" value=\"0\" \/><input type=\"hidden\" name=\"_wpcf7_posted_data_hash\" value=\"\" \/>\n<\/fieldset>\n<p><label> Ihr Name (Pflichtfeld)<br \/>\n<span class=\"wpcf7-form-control-wrap\" data-name=\"your-name\"><input size=\"40\" maxlength=\"400\" class=\"wpcf7-form-control wpcf7-text wpcf7-validates-as-required\" aria-required=\"true\" aria-invalid=\"false\" value=\"\" type=\"text\" name=\"your-name\" \/><\/span> <\/label>\n<\/p>\n<p><label> Ihr E-Mail-Adresse (Pflichtfeld)<br \/>\n<span class=\"wpcf7-form-control-wrap\" data-name=\"your-email\"><input size=\"40\" maxlength=\"400\" class=\"wpcf7-form-control wpcf7-email wpcf7-validates-as-required wpcf7-text wpcf7-validates-as-email\" aria-required=\"true\" aria-invalid=\"false\" value=\"\" type=\"email\" name=\"your-email\" \/><\/span> <\/label>\n<\/p>\n<p><label> Betreff<br \/>\n<span class=\"wpcf7-form-control-wrap\" data-name=\"your-subject\"><input size=\"40\" maxlength=\"400\" class=\"wpcf7-form-control wpcf7-text\" aria-invalid=\"false\" value=\"\" type=\"text\" name=\"your-subject\" \/><\/span> <\/label>\n<\/p>\n<p><label> Ihre Nachricht<br \/>\n<span class=\"wpcf7-form-control-wrap\" data-name=\"your-message\"><textarea cols=\"40\" rows=\"10\" maxlength=\"2000\" class=\"wpcf7-form-control wpcf7-textarea\" aria-invalid=\"false\" name=\"your-message\"><\/textarea><\/span> <\/label>\n<\/p>\n<p class=\"aiowps-captcha hide-when-displaying-tfa-input\"><label for=\"aiowps-captcha-answer-6a0712ba865f8\">Bitte gib eine Antwort in Ziffern ein:<\/label>\n<\/p>\n<div class=\"aiowps-captcha-equation hide-when-displaying-tfa-input\">\n\t<p><strong>19 &#43; drei = <input type=\"hidden\" name=\"aiowps-captcha-string-info\" class=\"aiowps-captcha-string-info\" value=\"x02vnxkdrz\" \/><input type=\"hidden\" name=\"aiowps-captcha-temp-string\" class=\"aiowps-captcha-temp-string\" value=\"1778848442\" \/><input type=\"text\" size=\"2\" id=\"aiowps-captcha-answer-6a0712ba865f8\" class=\"aiowps-captcha-answer\" name=\"aiowps-captcha-answer\" value=\"\" autocomplete=\"off\" \/><\/strong>\n\t<\/p>\n<\/div>\n<p><span class='wpcf7-form-control-wrap' data-name='aiowps-captcha'><\/span><input class=\"wpcf7-form-control wpcf7-submit has-spinner\" type=\"submit\" value=\"Senden\" \/>\n<\/p><div class=\"wpcf7-response-output\" aria-hidden=\"true\"><\/div>\n<\/form>\n<\/div>\n\n","protected":false},"excerpt":{"rendered":"<p>Bitte nehmen Sie f\u00fcr Ihre Anfrage mit uns Kontakt auf. Sie erreichen uns \u00fcber Telefon, E-Mail oder das folgende Kontaktformular. Wir beraten Sie gerne pers\u00f6nlich!\u00a0 Hotel &#8222;Celler Tor&#8220;Celler Str. 10638518 Gifhorn Tel:. 05371 &#8211; 4332 oder 05371 &#8211; 9381288 Email: &#105;&#x6e;f&#111;&#x40;c&#101;&#x6c;l&#101;&#x72;-&#116;&#x6f;&#114;&#x2d;&#x67;&#105;&#x66;&#x68;&#111;&#x72;n&#46;&#x64;e<\/p>\n","protected":false},"author":1,"featured_media":0,"parent":0,"menu_order":0,"comment_status":"closed","ping_status":"closed","template":"","meta":{"footnotes":""},"class_list":["post-28","page","type-page","status-publish","hentry","entry"],"_links":{"self":[{"href":"http:\/\/celler-tor-gifhorn.de\/index.php?rest_route=\/wp\/v2\/pages\/28","targetHints":{"allow":["GET"]}}],"collection":[{"href":"http:\/\/celler-tor-gifhorn.de\/index.php?rest_route=\/wp\/v2\/pages"}],"about":[{"href":"http:\/\/celler-tor-gifhorn.de\/index.php?rest_route=\/wp\/v2\/types\/page"}],"author":[{"embeddable":true,"href":"http:\/\/celler-tor-gifhorn.de\/index.php?rest_route=\/wp\/v2\/users\/1"}],"replies":[{"embeddable":true,"href":"http:\/\/celler-tor-gifhorn.de\/index.php?rest_route=%2Fwp%2Fv2%2Fcomments&post=28"}],"version-history":[{"count":7,"href":"http:\/\/celler-tor-gifhorn.de\/index.php?rest_route=\/wp\/v2\/pages\/28\/revisions"}],"predecessor-version":[{"id":163,"href":"http:\/\/celler-tor-gifhorn.de\/index.php?rest_route=\/wp\/v2\/pages\/28\/revisions\/163"}],"wp:attachment":[{"href":"http:\/\/celler-tor-gifhorn.de\/index.php?rest_route=%2Fwp%2Fv2%2Fmedia&parent=28"}],"curies":[{"name":"wp","href":"https:\/\/api.w.org\/{rel}","templated":true}]}}