{"id":18,"date":"2019-12-28T16:21:12","date_gmt":"2019-12-28T16:21:12","guid":{"rendered":"http:\/\/celler-tor-gifhorn.de\/?page_id=18"},"modified":"2025-11-08T10:40:50","modified_gmt":"2025-11-08T09:40:50","slug":"unsere-preise","status":"publish","type":"page","link":"https:\/\/celler-tor-gifhorn.de\/?page_id=18","title":{"rendered":"Unsere Preise"},"content":{"rendered":"\n<p>(alle Zimmer verf\u00fcgen \u00fcber Wifi)<\/p>\n\n\n\n<p><\/p>\n\n\n\n<p>\u00dcbernachtung im Doppelzimmer:<br>Doppelzimmer mit Dusche , WC und Fernseher &#8211;\u00a0ab\u00a075,00 \u20ac\u00a0(2Personen)<\/p>\n\n\n\n<figure class=\"wp-block-image size-large\"><img loading=\"lazy\" decoding=\"async\" width=\"1024\" height=\"683\" src=\"http:\/\/celler-tor-gifhorn.de\/wp-content\/uploads\/2025\/04\/Doppelzimmer-1024x683.jpg\" alt=\"\" class=\"wp-image-199\" srcset=\"https:\/\/celler-tor-gifhorn.de\/wp-content\/uploads\/2025\/04\/Doppelzimmer-1024x683.jpg 1024w, https:\/\/celler-tor-gifhorn.de\/wp-content\/uploads\/2025\/04\/Doppelzimmer-300x200.jpg 300w, https:\/\/celler-tor-gifhorn.de\/wp-content\/uploads\/2025\/04\/Doppelzimmer-768x512.jpg 768w, https:\/\/celler-tor-gifhorn.de\/wp-content\/uploads\/2025\/04\/Doppelzimmer.jpg 1151w\" sizes=\"auto, (max-width: 1024px) 100vw, 1024px\" \/><figcaption class=\"wp-element-caption\">Doppelzimmer<\/figcaption><\/figure>\n\n\n\n<p><\/p>\n\n\n\n<p>\u00dcbernachtung im Einzelzimmer:<br>Einzelzimmer mit Dusche , WC und Fernseher &#8211; &nbsp;ab 55,00 \u20ac<br><\/p>\n\n\n\n<figure class=\"wp-block-image size-large\"><img loading=\"lazy\" decoding=\"async\" width=\"1024\" height=\"683\" src=\"http:\/\/celler-tor-gifhorn.de\/wp-content\/uploads\/2025\/04\/Zimmer-1024x683.jpg\" alt=\"\" class=\"wp-image-198\" srcset=\"https:\/\/celler-tor-gifhorn.de\/wp-content\/uploads\/2025\/04\/Zimmer-1024x683.jpg 1024w, https:\/\/celler-tor-gifhorn.de\/wp-content\/uploads\/2025\/04\/Zimmer-300x200.jpg 300w, https:\/\/celler-tor-gifhorn.de\/wp-content\/uploads\/2025\/04\/Zimmer-768x512.jpg 768w, https:\/\/celler-tor-gifhorn.de\/wp-content\/uploads\/2025\/04\/Zimmer.jpg 1151w\" sizes=\"auto, (max-width: 1024px) 100vw, 1024px\" \/><figcaption class=\"wp-element-caption\">Einzelzimmer<\/figcaption><\/figure>\n\n\n\n<p>Gerne beraten wir Sie auch telefonisch unter<br>Tel:. 05371 &#8211; 4332   oder   05371 &#8211; 9381288<\/p>\n\n\n\n<p><br><strong>Kartenzahlung ist derzeit nicht m\u00f6glich!<\/strong><\/p>\n\n\n\n<p>Anreisezeiten nach Absprache <\/p>\n\n\n\n<p>Checkout bis 10:00 Uhr<\/p>\n\n\n\n<p><\/p>\n","protected":false},"excerpt":{"rendered":"<p>(alle Zimmer verf\u00fcgen \u00fcber Wifi) \u00dcbernachtung im Doppelzimmer:Doppelzimmer mit Dusche , WC und Fernseher &#8211;\u00a0ab\u00a075,00 \u20ac\u00a0(2Personen) \u00dcbernachtung im Einzelzimmer:Einzelzimmer mit Dusche , WC und Fernseher &#8211; &nbsp;ab 55,00 \u20ac Gerne beraten wir Sie auch telefonisch unterTel:. 05371 &#8211; 4332 oder 05371 &#8211; 9381288 Kartenzahlung ist derzeit nicht m\u00f6glich! Anreisezeiten nach Absprache Checkout bis 10:00 Uhr<\/p>\n","protected":false},"author":1,"featured_media":0,"parent":0,"menu_order":0,"comment_status":"closed","ping_status":"closed","template":"","meta":{"footnotes":""},"class_list":["post-18","page","type-page","status-publish","hentry","entry"],"_links":{"self":[{"href":"https:\/\/celler-tor-gifhorn.de\/index.php?rest_route=\/wp\/v2\/pages\/18","targetHints":{"allow":["GET"]}}],"collection":[{"href":"https:\/\/celler-tor-gifhorn.de\/index.php?rest_route=\/wp\/v2\/pages"}],"about":[{"href":"https:\/\/celler-tor-gifhorn.de\/index.php?rest_route=\/wp\/v2\/types\/page"}],"author":[{"embeddable":true,"href":"https:\/\/celler-tor-gifhorn.de\/index.php?rest_route=\/wp\/v2\/users\/1"}],"replies":[{"embeddable":true,"href":"https:\/\/celler-tor-gifhorn.de\/index.php?rest_route=%2Fwp%2Fv2%2Fcomments&post=18"}],"version-history":[{"count":24,"href":"https:\/\/celler-tor-gifhorn.de\/index.php?rest_route=\/wp\/v2\/pages\/18\/revisions"}],"predecessor-version":[{"id":235,"href":"https:\/\/celler-tor-gifhorn.de\/index.php?rest_route=\/wp\/v2\/pages\/18\/revisions\/235"}],"wp:attachment":[{"href":"https:\/\/celler-tor-gifhorn.de\/index.php?rest_route=%2Fwp%2Fv2%2Fmedia&parent=18"}],"curies":[{"name":"wp","href":"https:\/\/api.w.org\/{rel}","templated":true}]}}