{"id":30,"date":"2019-12-28T16:47:02","date_gmt":"2019-12-28T16:47:02","guid":{"rendered":"http:\/\/celler-tor-gifhorn.de\/?page_id=30"},"modified":"2019-12-29T00:26:02","modified_gmt":"2019-12-28T23:26:02","slug":"wegweiser","status":"publish","type":"page","link":"https:\/\/celler-tor-gifhorn.de\/?page_id=30","title":{"rendered":"Umgebung"},"content":{"rendered":"\n<p><a rel=\"noreferrer noopener\" href=\"http:\/\/www.gifhorn4u.de\" target=\"_blank\">Gifhorn, das S\u00fcdtor der L\u00fcneburger Heide<\/a>, hat viel f\u00fcr Sie zu bieten.<\/p>\n\n\n\n<p><a rel=\"noreferrer noopener\" href=\"http:\/\/www.muehlenmuseum.de\/\" target=\"_blank\">Das internationale M\u00fchlenmuseum<\/a>&nbsp;ist ein Anziehungspunkt f\u00fcr Jung und Alt. Erleben Sie einen wundersch\u00f6nen Ausflug in das gro\u00dfe Openair-Museum rund um das Thema M\u00fchlen und den Berufstand der M\u00fcllerei.<\/p>\n\n\n\n<p><a rel=\"noreferrer noopener\" href=\"http:\/\/www.gifhorn4u.de\/p\/d1.asp?artikel_id=2291&amp;liste=&amp;tmpl_typ=Detail&amp;lp=3398&amp;area=101\" target=\"_blank\">Die Gifhorner Altstadt mit gro\u00dfer Fu\u00dfg\u00e4ngerzone<\/a>&nbsp;l\u00e4dt zum Bummeln und Einkaufen ein.<\/p>\n\n\n\n<p><a rel=\"noreferrer noopener\" href=\"http:\/\/www.burgen-und-schloesser.net\/238\/home.htm\" target=\"_blank\">Das Welfenschloss<\/a>&nbsp;mit Museum und der naheliegende Schlosssee sind f\u00fcr Radler und Spazierg\u00e4nger ein gro\u00dfer Anziehungspunkt.<\/p>\n\n\n\n<p>Ebenso laden die frische Waldluft (unsere &#8222;Gr\u00fcne Lunge&#8220;) in unmittelbarer N\u00e4he vom &#8222;Celler Tor&#8220;, der Heidesee und die unber\u00fchrte\u00a0<a rel=\"noreferrer noopener\" href=\"http:\/\/www.panoramio.com\/photo\/4292709\" target=\"_blank\">Heidelandschaft &#8222;Gifhorner Schweiz&#8220;<\/a>\u00a0f\u00fcr ausgedehnte Spazierg\u00e4nge und Radausfl\u00fcge ein.<\/p>\n\n\n\n<p>Die gro\u00dfen Radwanderwege, wie der&nbsp;<a rel=\"noreferrer noopener\" href=\"http:\/\/www.allerradweg.de\/\" target=\"_blank\">Aller-Radweg<\/a>, der&nbsp;<a rel=\"noreferrer noopener\" href=\"http:\/\/www.fahrradreisen.de\/radwege\/r140.htm\" target=\"_blank\">L\u00fcneburger-Heide-Radweg<\/a>, der&nbsp;<a rel=\"noreferrer noopener\" href=\"http:\/\/www.geolife.de\/touren\/de\/tour_table.php?regionname=S%C3%BCdlicheL%C3%BCneburgerHeide&amp;landnr=12&amp;auswahl=514&amp;tour=Radwandern&amp;ebene1=Tour\/Radwandern&amp;ebene2=Niedersachsen&amp;ebene3=S%C3%BCdlicheL%C3%BCneburgerHeide&amp;ebene4=Tour%20514&amp;landnr=12&amp;datei2\" target=\"_blank\">Gifhorner S\u00fcdheide-Rundweg<\/a>&nbsp;und der&nbsp;<a rel=\"noreferrer noopener\" href=\"http:\/\/www.geolife.de\/touren\/de\/tour_table.php?regionname=S%C3%BCdlicheL%C3%BCneburgerHeide&amp;landnr=12&amp;auswahl=610&amp;tour=Radwandern&amp;ebene1=Tour\/Radwandern&amp;ebene2=Niedersachsen&amp;ebene3=S%C3%BCdlicheL%C3%BCneburgerHeide&amp;ebene4=Tour%20610&amp;landnr=12&amp;datei2#\" target=\"_blank\">Spargelradweg Niedersachsen<\/a>&nbsp;f\u00fchren Sie nach Gifhorn und direkt an unserem Hause vorbei. Kehren Sie ein, planen Sie beim Radwandern Ihren Stopp bei uns.<\/p>\n\n\n\n<p>F\u00fcr die kulturellen Aspekte bietet Ihnen die&nbsp;<a rel=\"noreferrer noopener\" href=\"http:\/\/www.stadthalle-gifhorn.de\/\" target=\"_blank\">Gifhorner Stadthalle<\/a>&nbsp;Theater-, Konzert- und Ausstellungsveranstaltungen.<\/p>\n\n\n\n<p>Im Sommer erleben Sie das Gifhorner Sch\u00fctzenfest mit gro\u00dfem Festumzug und Spa\u00df auf dem Festplatz und Ende August \/ Anfang September feiert ganz Gifhorn das traditionelle und \u00fcberregional bekannte\u00a0<a rel=\"noreferrer noopener\" href=\"http:\/\/www.gifhorner-altstadtfest.eu\" target=\"_blank\">Gifhorner Altstadtfest<\/a>.<\/p>\n\n\n\n<p>Die\u00a0<a rel=\"noreferrer noopener\" href=\"http:\/\/www.wolfsburg.de\/index.html\" target=\"_blank\">Stadt Wolfsburg<\/a>, der Hauptsitz der\u00a0<a rel=\"noreferrer noopener\" href=\"http:\/\/www.volkswagen.de\" target=\"_blank\">Volkswagen AG<\/a>, mit der\u00a0<a rel=\"noreferrer noopener\" href=\"http:\/\/www.autostadt.de\" target=\"_blank\">Autostadt<\/a>\u00a0inklusive den Werkstouren und der Neuwagenauslieferung, dem\u00a0<a rel=\"noreferrer noopener\" href=\"http:\/\/www.allerpark.info\/\" target=\"_blank\">Allerpark<\/a>, dem Stadion des deutschen Fu\u00dfballmeisters 2009 &#8211;\u00a0<a rel=\"noreferrer noopener\" href=\"http:\/\/www.vflwolfsburg.de\/\" target=\"_blank\">VFL Wolfsburg<\/a>, dem\u00a0<a rel=\"noreferrer noopener\" href=\"http:\/\/www.kunstmuseum-wolfsburg.de\/\" target=\"_blank\">Kunstmuseum<\/a>, dem\u00a0<a rel=\"noreferrer noopener\" href=\"http:\/\/www.planetarium-wolfsburg.de\" target=\"_blank\">Planetarium<\/a>, dem\u00a0<a rel=\"noreferrer noopener\" href=\"http:\/\/www.phaeno.de\/\" target=\"_blank\">Phaeno\u00a0<\/a>&#8211; Wissenschaftsmuseum und mit einer gro\u00dfen F\u00fc\u00dfg\u00e4ngerzone ist nur 25 Autominuten entfernt.<\/p>\n\n\n\n<p>Die sehenswerte&nbsp;<a rel=\"noreferrer noopener\" href=\"http:\/\/www.braunschweig.de\/\" target=\"_blank\">Welfenstadt Braunschweig<\/a>&nbsp;&nbsp;ist in etwa 30 Autominuten erreichbar.<\/p>\n\n\n\n<p>Die&nbsp;<a rel=\"noreferrer noopener\" href=\"http:\/\/www.hannover.de\/\" target=\"_blank\">Messestadt Hannover<\/a>&nbsp; und ebenso die&nbsp;<a rel=\"noreferrer noopener\" href=\"http:\/\/www.celle.de\/\" target=\"_blank\">Stadt Celle<\/a> erreichen Sie in 45 Autominuten.<\/p>\n\n\n\n<p><\/p>\n","protected":false},"excerpt":{"rendered":"<p>Gifhorn, das S\u00fcdtor der L\u00fcneburger Heide, hat viel f\u00fcr Sie zu bieten. Das internationale M\u00fchlenmuseum&nbsp;ist ein Anziehungspunkt f\u00fcr Jung und Alt. Erleben Sie einen wundersch\u00f6nen Ausflug in das gro\u00dfe Openair-Museum rund um das Thema M\u00fchlen und den Berufstand der M\u00fcllerei. Die Gifhorner Altstadt mit gro\u00dfer Fu\u00dfg\u00e4ngerzone&nbsp;l\u00e4dt zum Bummeln und Einkaufen ein. Das Welfenschloss&nbsp;mit Museum und&hellip; <a class=\"more-link\" href=\"https:\/\/celler-tor-gifhorn.de\/?page_id=30\"><span class=\"screen-reader-text\">Umgebung<\/span> weiterlesen<\/a><\/p>\n","protected":false},"author":1,"featured_media":31,"parent":0,"menu_order":0,"comment_status":"closed","ping_status":"closed","template":"","meta":{"footnotes":""},"class_list":["post-30","page","type-page","status-publish","has-post-thumbnail","hentry","entry"],"_links":{"self":[{"href":"https:\/\/celler-tor-gifhorn.de\/index.php?rest_route=\/wp\/v2\/pages\/30","targetHints":{"allow":["GET"]}}],"collection":[{"href":"https:\/\/celler-tor-gifhorn.de\/index.php?rest_route=\/wp\/v2\/pages"}],"about":[{"href":"https:\/\/celler-tor-gifhorn.de\/index.php?rest_route=\/wp\/v2\/types\/page"}],"author":[{"embeddable":true,"href":"https:\/\/celler-tor-gifhorn.de\/index.php?rest_route=\/wp\/v2\/users\/1"}],"replies":[{"embeddable":true,"href":"https:\/\/celler-tor-gifhorn.de\/index.php?rest_route=%2Fwp%2Fv2%2Fcomments&post=30"}],"version-history":[{"count":4,"href":"https:\/\/celler-tor-gifhorn.de\/index.php?rest_route=\/wp\/v2\/pages\/30\/revisions"}],"predecessor-version":[{"id":107,"href":"https:\/\/celler-tor-gifhorn.de\/index.php?rest_route=\/wp\/v2\/pages\/30\/revisions\/107"}],"wp:featuredmedia":[{"embeddable":true,"href":"https:\/\/celler-tor-gifhorn.de\/index.php?rest_route=\/wp\/v2\/media\/31"}],"wp:attachment":[{"href":"https:\/\/celler-tor-gifhorn.de\/index.php?rest_route=%2Fwp%2Fv2%2Fmedia&parent=30"}],"curies":[{"name":"wp","href":"https:\/\/api.w.org\/{rel}","templated":true}]}}